{"id":17,"date":"2021-02-01T19:51:50","date_gmt":"2021-02-01T18:51:50","guid":{"rendered":"http:\/\/dives.com.pl\/?page_id=17"},"modified":"2021-02-01T19:53:27","modified_gmt":"2021-02-01T18:53:27","slug":"strona-glowna","status":"publish","type":"page","link":"http:\/\/dives.com.pl\/","title":{"rendered":"Strona g\u0142\u00f3wna"},"content":{"rendered":"\n<p>Dives Sp. z o.o. jest firm\u0105, kt\u00f3ra zajmuje si\u0119 leasingowaniem pracownik\u00f3w ze wschodu: Ukrainy, Bia\u0142orusi, Rosji i z Polski polskim przedsi\u0119biorcom. Gwarantujemy, \u017ce nasi pracownicy ze wschodu przebywaj\u0105 w Polsce legalnie (wizy, o\u015bwiadczenia, zezwolenia wojew\u00f3dzkie itp.), a wszystkie formalno\u015bci i koszty zwi\u0105zane z ich zatrudnieniem (rejestracja w ZUS, badania lekarskie, wst\u0119pne BHP itp.) le\u017c\u0105 po naszej stronie. Dzi\u0119ki naszej firmie klient zyskuje pracownik\u00f3w zar\u00f3wno na d\u0142u\u017csze okresy, jak i w zakresie pracy tymczasowej. W relacjach z Klientami i Pracownikami stawiamy na uczciwe partnerstwo i zaanga\u017cowanie. Podpisuj\u0105c z nasz\u0105 firm\u0105 umow\u0119 Klient zyskuje cenny czas na rozw\u00f3j firmy, a nie na rekrutacj\u0119, czy selekcj\u0119 nowych pracownik\u00f3w. Wsp\u00f3\u0142praca mi\u0119dzy nami a Klientem oparta jest na umowie, a rozliczenie sprowadza si\u0119 do jedynie do faktur. Nasza dewiza to zadowolenie Klienta, kt\u00f3re wynika z budowania partnerskich relacji, zapewnienia rzetelnej obs\u0142ugi i dotrzymywania warunk\u00f3w umowy.<\/p>\n\n\n\n<p>Je\u015bli Pa\u0144stwo s\u0105 zainteresowani ofert\u0105 podaj\u0119 dane do kontaktu.<\/p>\n","protected":false},"excerpt":{"rendered":"<p>Dives Sp. z o.o. jest firm\u0105, kt\u00f3ra zajmuje si\u0119 leasingowaniem pracownik\u00f3w ze wschodu: Ukrainy, Bia\u0142orusi, Rosji i z Polski polskim przedsi\u0119biorcom. Gwarantujemy, \u017ce nasi pracownicy ze wschodu przebywaj\u0105 w Polsce legalnie (wizy, o\u015bwiadczenia, zezwolenia wojew\u00f3dzkie itp.), a wszystkie formalno\u015bci i koszty zwi\u0105zane z ich zatrudnieniem (rejestracja w ZUS, badania lekarskie, wst\u0119pne BHP itp.) le\u017c\u0105 po &hellip; <\/p>\n<p class=\"link-more\"><a href=\"http:\/\/dives.com.pl\/\" class=\"more-link\">Czytaj dalej<span class=\"screen-reader-text\"> \u201eStrona g\u0142\u00f3wna\u201d<\/span><\/a><\/p>\n","protected":false},"author":2,"featured_media":0,"parent":0,"menu_order":0,"comment_status":"closed","ping_status":"closed","template":"","meta":{"footnotes":""},"class_list":["post-17","page","type-page","status-publish","hentry"],"_links":{"self":[{"href":"http:\/\/dives.com.pl\/index.php?rest_route=\/wp\/v2\/pages\/17","targetHints":{"allow":["GET"]}}],"collection":[{"href":"http:\/\/dives.com.pl\/index.php?rest_route=\/wp\/v2\/pages"}],"about":[{"href":"http:\/\/dives.com.pl\/index.php?rest_route=\/wp\/v2\/types\/page"}],"author":[{"embeddable":true,"href":"http:\/\/dives.com.pl\/index.php?rest_route=\/wp\/v2\/users\/2"}],"replies":[{"embeddable":true,"href":"http:\/\/dives.com.pl\/index.php?rest_route=%2Fwp%2Fv2%2Fcomments&post=17"}],"version-history":[{"count":2,"href":"http:\/\/dives.com.pl\/index.php?rest_route=\/wp\/v2\/pages\/17\/revisions"}],"predecessor-version":[{"id":44,"href":"http:\/\/dives.com.pl\/index.php?rest_route=\/wp\/v2\/pages\/17\/revisions\/44"}],"wp:attachment":[{"href":"http:\/\/dives.com.pl\/index.php?rest_route=%2Fwp%2Fv2%2Fmedia&parent=17"}],"curies":[{"name":"wp","href":"https:\/\/api.w.org\/{rel}","templated":true}]}}